{"id":18569,"date":"2015-09-05T21:28:52","date_gmt":"2015-09-05T21:28:52","guid":{"rendered":"https:\/\/www.kapykos.com\/cookieen-politika\/"},"modified":"2023-11-22T12:29:18","modified_gmt":"2023-11-22T12:29:18","slug":"cookieen-politika","status":"publish","type":"page","link":"https:\/\/www.kapykos.com\/eu\/cookieen-politika\/","title":{"rendered":"Cookieen politika"},"content":{"rendered":"\t\t<div data-elementor-type=\"wp-page\" data-elementor-id=\"18569\" class=\"elementor elementor-18569 elementor-235\" data-elementor-post-type=\"page\">\n\t\t\t\t<div class=\"elementor-element elementor-element-57d7d33 e-flex e-con-boxed e-con e-parent\" data-id=\"57d7d33\" data-element_type=\"container\" data-e-type=\"container\">\n\t\t\t\t\t<div class=\"e-con-inner\">\n\t\t\t\t<div class=\"elementor-element elementor-element-90c1c8e elementor-widget elementor-widget-heading\" data-id=\"90c1c8e\" data-element_type=\"widget\" data-e-type=\"widget\" data-widget_type=\"heading.default\">\n\t\t\t\t<div class=\"elementor-widget-container\">\n\t\t\t\t\t<h2 class=\"elementor-heading-title elementor-size-default\">Cookieen politika<\/h2>\t\t\t\t<\/div>\n\t\t\t\t<\/div>\n\t\t\t\t\t<\/div>\n\t\t\t\t<\/div>\n\t\t<div class=\"elementor-element elementor-element-fc6627b e-flex e-con-boxed e-con e-parent\" data-id=\"fc6627b\" data-element_type=\"container\" data-e-type=\"container\">\n\t\t\t\t\t<div class=\"e-con-inner\">\n\t\t\t\t<div class=\"elementor-element elementor-element-8102b08 elementor-widget-divider--view-line elementor-widget elementor-widget-divider\" data-id=\"8102b08\" data-element_type=\"widget\" data-e-type=\"widget\" data-widget_type=\"divider.default\">\n\t\t\t\t<div class=\"elementor-widget-container\">\n\t\t\t\t\t\t\t<div class=\"elementor-divider\">\n\t\t\t<span class=\"elementor-divider-separator\">\n\t\t\t\t\t\t<\/span>\n\t\t<\/div>\n\t\t\t\t\t\t<\/div>\n\t\t\t\t<\/div>\n\t\t\t\t\t<\/div>\n\t\t\t\t<\/div>\n\t\t<div class=\"elementor-element elementor-element-388cfa32 e-flex e-con-boxed e-con e-parent\" data-id=\"388cfa32\" data-element_type=\"container\" data-e-type=\"container\">\n\t\t\t\t\t<div class=\"e-con-inner\">\n\t\t\t\t<div class=\"elementor-element elementor-element-fdd2fa3 elementor-widget elementor-widget-text-editor\" data-id=\"fdd2fa3\" data-element_type=\"widget\" data-e-type=\"widget\" data-widget_type=\"text-editor.default\">\n\t\t\t\t<div class=\"elementor-widget-container\">\n\t\t\t\t\t\t\t\t\t<p style=\"text-align: right;\">Ref: PC_ES-1_20150906<\/p><p><em>Cookie<\/em> bat ia edozein webgune bisitatzen duzunean zure arakatzailean gordetzen den testu-fitxategi txiki bat da. Bere erabilgarritasuna da webguneak zure bisita gogoratu ahal izatea orri horretan berriro arakatzen duzunean. <em>Cookieek<\/em> normalean informazio teknikoa, lehentasun pertsonalak, edukien pertsonalizazioa, erabilera-estatistikak, sare sozialetarako estekak, erabiltzaile-kontuetarako sarbidea eta abar gordetzen dituzte. <em>Cookiearen<\/em> helburua webguneko edukia zure profiletara eta <em>beharretara<\/em> egokitzea da. <em>Cookieak<\/em> zer diren, zer gordetzen duten, nola ezabatu, desaktibatu eta abarrei buruzko informazio gehiago kontsultatu nahi baduzu, joan <a href=\"https:\/\/www.kapykos.com\/eu\/cookieei-buruzko-informazio-gehigarria\/\">esteka honetara<\/a>.<\/p><h3>Webgune honetan erabiltzen diren cookieak<\/h3><p>Datuak Babesteko Espainiako Agentziaren jarraibideei jarraituz, webgune honek egiten dituen <em>cookieen<\/em> erabilera zehazten dugu, ahalik eta zehatzen jakinarazteko.<\/p><p>Webgune honek <strong>cookie hauek<\/strong> erabiltzen ditu:<\/p><ul><li>Saioko cookieak, blogean iruzkinak idazten dituzten erabiltzaileak gizakiak direla ziurtatzeko, eta ez aplikazio automatizatuak. Horrela borrokatzen da <em>spam<\/em>-a.<\/li><\/ul><p>Webgune honek hirugarrenen <strong>cookie hauek<\/strong> erabiltzen ditu:<\/p><ul><li>Google Analytics: <em>cookieak<\/em> gordetzen ditu webgune honetako trafikoari eta bisiten bolumenari buruzko estatistikak egin ahal izateko. Webgune hau erabiltzean Google-k zuri buruzko informazioa prozesatzeko baimena ematen duzu. Hori dela eta, zentzu honetan edozein eskubide erabili behar duzu Google-rekin zuzenean komunikatuz.<\/li><li>Sare sozialak: sare sozial bakoitzak bere <em>cookieak<\/em> erabiltzen ditu <em>Atsegin dut<\/em> edo <em>Partekatu<\/em> botoian klik egin dezazun.<\/li><\/ul><h3>Cookieak desaktibatzea edo ezabatzea<\/h3><p>Edozein unetan erabil dezakezu webgune honetako cookieak desaktibatzeko edo ezabatzeko eskubidea. Ekintza hauek desberdin egiten dira erabiltzen ari zaren arakatzailearen arabera. <a href=\"http:\/\/www.kapykos.com\/informacion-adicional-sobre-las-cookies\/#navegadores\" target=\"_blank\" rel=\"noopener noreferrer\">Hemen nabigatzaile ezagunenen gida azkar bat uzten dizugu.<\/a><\/p><h3>Ohar osagarriak<\/h3><ul><li>Ni esta web ni sus representantes legales se hacen responsables ni del contenido ni de la veracidad de las pol\u00edticas de privacidad que puedan tener los terceros mencionados en esta pol\u00edtica de <em>cookies<\/em>.<\/li><li>Web-nabigatzaileak <em>cookieak<\/em> gordetzeko ardura duten tresnak dira eta leku honetatik horiek ezabatzeko edo desaktibatzeko eskubidea erabili behar duzu. Ez webgune honek, ez bere legezko ordezkariek, ezin dute bermatu aipatutako nabigatzaileen <em>cookieen<\/em> erabilera zuzena edo okerra.<\/li><li>Kasu batzuetan beharrezkoa da <em>cookieak<\/em> instalatzea, nabigatzaileak ez onartzeko erabakia ahaztu ez ditzan.<\/li><li>En el caso de las <em>cookies<\/em> de Google Analytics, esta empresa almacena las <em>cookies<\/em> en servidores ubicados en Estados Unidos y se compromete a no compartirla con terceros, excepto en los casos en los que sea necesario para el funcionamiento del sistema o cuando la ley obligue a tal efecto. Seg\u00fan Google no guarda tu direcci\u00f3n IP. Google Inc. es una compa\u00f1\u00eda adherida al Acuerdo de Puerto Seguro que garantiza que todos los datos transferidos ser\u00e1n tratados con un nivel de protecci\u00f3n acorde a la normativa europea. Si deseas informaci\u00f3n sobre el uso que Google da a las cookies <a href=\"https:\/\/developers.google.com\/analytics\/devguides\/collection\/analyticsjs\/cookie-usage?hl=es&amp;csw=1\" target=\"_blank\" rel=\"noopener noreferrer\">te adjuntamos este otro enlace<\/a>.<\/li><li>Para cualquier duda o consulta acerca de esta pol\u00edtica de <em>cookies<\/em> no dudes en comunicarte con nosotros a trav\u00e9s de la secci\u00f3n de contacto.<\/li><\/ul>\t\t\t\t\t\t\t\t<\/div>\n\t\t\t\t<\/div>\n\t\t\t\t\t<\/div>\n\t\t\t\t<\/div>\n\t\t<div class=\"elementor-element elementor-element-5945e9b5 e-con-full e-flex e-con e-parent\" data-id=\"5945e9b5\" data-element_type=\"container\" data-e-type=\"container\" data-settings=\"{&quot;background_background&quot;:&quot;gradient&quot;}\">\n\t\t<div class=\"elementor-element elementor-element-576e81eb e-con-full e-flex e-con e-child\" data-id=\"576e81eb\" data-element_type=\"container\" data-e-type=\"container\">\n\t\t\t\t<div class=\"elementor-element elementor-element-3bd64018 elementor-widget elementor-widget-heading\" data-id=\"3bd64018\" data-element_type=\"widget\" data-e-type=\"widget\" data-widget_type=\"heading.default\">\n\t\t\t\t<div class=\"elementor-widget-container\">\n\t\t\t\t\t<h2 class=\"elementor-heading-title elementor-size-default\">Laguntza behar?<\/h2>\t\t\t\t<\/div>\n\t\t\t\t<\/div>\n\t\t\t\t<div class=\"elementor-element elementor-element-5554236d elementor-widget elementor-widget-text-editor\" data-id=\"5554236d\" data-element_type=\"widget\" data-e-type=\"widget\" data-widget_type=\"text-editor.default\">\n\t\t\t\t<div class=\"elementor-widget-container\">\n\t\t\t\t\t\t\t\t\t<p><span style=\"font-size: 12pt;\">JAR HARREMANETAN GURE TALDEAREKIN<\/span><\/p>\n\t\t\t\t\t\t\t\t<\/div>\n\t\t\t\t<\/div>\n\t\t\t\t<div class=\"elementor-element elementor-element-4365c7f4 elementor-align-center elementor-mobile-align-center elementor-invisible elementor-widget elementor-widget-button\" data-id=\"4365c7f4\" data-element_type=\"widget\" data-e-type=\"widget\" data-settings=\"{&quot;_animation&quot;:&quot;fadeInUp&quot;}\" data-widget_type=\"button.default\">\n\t\t\t\t<div class=\"elementor-widget-container\">\n\t\t\t\t\t\t\t\t\t<div class=\"elementor-button-wrapper\">\n\t\t\t\t\t<a class=\"elementor-button elementor-button-link elementor-size-sm elementor-animation-grow\" href=\"https:\/\/www.kapykos.com\/eu\/kontaktua\/\">\n\t\t\t\t\t\t<span class=\"elementor-button-content-wrapper\">\n\t\t\t\t\t\t\t\t\t<span class=\"elementor-button-text\">KONTAKTU<\/span>\n\t\t\t\t\t<\/span>\n\t\t\t\t\t<\/a>\n\t\t\t\t<\/div>\n\t\t\t\t\t\t\t\t<\/div>\n\t\t\t\t<\/div>\n\t\t\t\t<\/div>\n\t\t\t\t<\/div>\n\t\t\t\t<\/div>\n\t\t","protected":false},"excerpt":{"rendered":"<p>Cookieen politika Ref: PC_ES-1_20150906 Cookie bat ia edozein webgune bisitatzen duzunean zure arakatzailean gordetzen den testu-fitxategi txiki bat da. Bere erabilgarritasuna da webguneak zure bisita gogoratu ahal izatea orri horretan berriro arakatzen duzunean. Cookieek normalean informazio teknikoa, lehentasun pertsonalak, edukien pertsonalizazioa, erabilera-estatistikak, sare sozialetarako estekak, erabiltzaile-kontuetarako sarbidea eta abar gordetzen dituzte. Cookiearen helburua webguneko edukia [&hellip;]<\/p>\n","protected":false},"author":1,"featured_media":0,"parent":0,"menu_order":0,"comment_status":"closed","ping_status":"closed","template":"elementor_header_footer","meta":{"footnotes":""},"class_list":["post-18569","page","type-page","status-publish","hentry"],"yoast_head":"<!-- This site is optimized with the Yoast SEO plugin v27.2 - https:\/\/yoast.com\/product\/yoast-seo-wordpress\/ -->\n<title>Cookieen politika - Kapykos<\/title>\n<meta name=\"description\" content=\"Kapykos cookie politika\" \/>\n<meta name=\"robots\" content=\"index, follow, max-snippet:-1, max-image-preview:large, max-video-preview:-1\" \/>\n<link rel=\"canonical\" href=\"https:\/\/www.kapykos.com\/eu\/cookieen-politika\/\" \/>\n<meta property=\"og:locale\" content=\"eu_ES\" \/>\n<meta property=\"og:type\" content=\"article\" \/>\n<meta property=\"og:title\" content=\"Cookieen politika - Kapykos\" \/>\n<meta property=\"og:description\" content=\"Kapykos cookie politika\" \/>\n<meta property=\"og:url\" content=\"https:\/\/www.kapykos.com\/eu\/cookieen-politika\/\" \/>\n<meta property=\"og:site_name\" content=\"Kapykos\" \/>\n<meta property=\"article:modified_time\" content=\"2023-11-22T12:29:18+00:00\" \/>\n<meta name=\"twitter:card\" content=\"summary_large_image\" \/>\n<meta name=\"twitter:label1\" content=\"Est. reading time\" \/>\n\t<meta name=\"twitter:data1\" content=\"3 minutes\" \/>\n<script type=\"application\/ld+json\" class=\"yoast-schema-graph\">{\"@context\":\"https:\/\/schema.org\",\"@graph\":[{\"@type\":\"WebPage\",\"@id\":\"https:\/\/www.kapykos.com\/eu\/cookieen-politika\/\",\"url\":\"https:\/\/www.kapykos.com\/eu\/cookieen-politika\/\",\"name\":\"Cookieen politika - Kapykos\",\"isPartOf\":{\"@id\":\"https:\/\/www.kapykos.com\/eu\/#website\"},\"datePublished\":\"2015-09-05T21:28:52+00:00\",\"dateModified\":\"2023-11-22T12:29:18+00:00\",\"description\":\"Kapykos cookie politika\",\"breadcrumb\":{\"@id\":\"https:\/\/www.kapykos.com\/eu\/cookieen-politika\/#breadcrumb\"},\"inLanguage\":\"eu-ES\",\"potentialAction\":[{\"@type\":\"ReadAction\",\"target\":[\"https:\/\/www.kapykos.com\/eu\/cookieen-politika\/\"]}]},{\"@type\":\"BreadcrumbList\",\"@id\":\"https:\/\/www.kapykos.com\/eu\/cookieen-politika\/#breadcrumb\",\"itemListElement\":[{\"@type\":\"ListItem\",\"position\":1,\"name\":\"Portada\",\"item\":\"https:\/\/www.kapykos.com\/eu\/\"},{\"@type\":\"ListItem\",\"position\":2,\"name\":\"Cookieen politika\"}]},{\"@type\":\"WebSite\",\"@id\":\"https:\/\/www.kapykos.com\/eu\/#website\",\"url\":\"https:\/\/www.kapykos.com\/eu\/\",\"name\":\"Kapykos\",\"description\":\"Crea tus propias confecciones\",\"publisher\":{\"@id\":\"https:\/\/www.kapykos.com\/eu\/#organization\"},\"potentialAction\":[{\"@type\":\"SearchAction\",\"target\":{\"@type\":\"EntryPoint\",\"urlTemplate\":\"https:\/\/www.kapykos.com\/eu\/?s={search_term_string}\"},\"query-input\":{\"@type\":\"PropertyValueSpecification\",\"valueRequired\":true,\"valueName\":\"search_term_string\"}}],\"inLanguage\":\"eu-ES\"},{\"@type\":\"Organization\",\"@id\":\"https:\/\/www.kapykos.com\/eu\/#organization\",\"name\":\"Kapykos\",\"url\":\"https:\/\/www.kapykos.com\/eu\/\",\"logo\":{\"@type\":\"ImageObject\",\"inLanguage\":\"eu-ES\",\"@id\":\"https:\/\/www.kapykos.com\/eu\/#\/schema\/logo\/image\/\",\"url\":\"https:\/\/www.kapykos.com\/wp-content\/uploads\/2023\/11\/KAPYKOS-LOGO-rojo-05-e1700565306280.png\",\"contentUrl\":\"https:\/\/www.kapykos.com\/wp-content\/uploads\/2023\/11\/KAPYKOS-LOGO-rojo-05-e1700565306280.png\",\"width\":12501,\"height\":9037,\"caption\":\"Kapykos\"},\"image\":{\"@id\":\"https:\/\/www.kapykos.com\/eu\/#\/schema\/logo\/image\/\"}}]}<\/script>\n<!-- \/ Yoast SEO plugin. -->","yoast_head_json":{"title":"Cookieen politika - Kapykos","description":"Kapykos cookie politika","robots":{"index":"index","follow":"follow","max-snippet":"max-snippet:-1","max-image-preview":"max-image-preview:large","max-video-preview":"max-video-preview:-1"},"canonical":"https:\/\/www.kapykos.com\/eu\/cookieen-politika\/","og_locale":"eu_ES","og_type":"article","og_title":"Cookieen politika - Kapykos","og_description":"Kapykos cookie politika","og_url":"https:\/\/www.kapykos.com\/eu\/cookieen-politika\/","og_site_name":"Kapykos","article_modified_time":"2023-11-22T12:29:18+00:00","twitter_card":"summary_large_image","twitter_misc":{"Est. reading time":"3 minutes"},"schema":{"@context":"https:\/\/schema.org","@graph":[{"@type":"WebPage","@id":"https:\/\/www.kapykos.com\/eu\/cookieen-politika\/","url":"https:\/\/www.kapykos.com\/eu\/cookieen-politika\/","name":"Cookieen politika - Kapykos","isPartOf":{"@id":"https:\/\/www.kapykos.com\/eu\/#website"},"datePublished":"2015-09-05T21:28:52+00:00","dateModified":"2023-11-22T12:29:18+00:00","description":"Kapykos cookie politika","breadcrumb":{"@id":"https:\/\/www.kapykos.com\/eu\/cookieen-politika\/#breadcrumb"},"inLanguage":"eu-ES","potentialAction":[{"@type":"ReadAction","target":["https:\/\/www.kapykos.com\/eu\/cookieen-politika\/"]}]},{"@type":"BreadcrumbList","@id":"https:\/\/www.kapykos.com\/eu\/cookieen-politika\/#breadcrumb","itemListElement":[{"@type":"ListItem","position":1,"name":"Portada","item":"https:\/\/www.kapykos.com\/eu\/"},{"@type":"ListItem","position":2,"name":"Cookieen politika"}]},{"@type":"WebSite","@id":"https:\/\/www.kapykos.com\/eu\/#website","url":"https:\/\/www.kapykos.com\/eu\/","name":"Kapykos","description":"Crea tus propias confecciones","publisher":{"@id":"https:\/\/www.kapykos.com\/eu\/#organization"},"potentialAction":[{"@type":"SearchAction","target":{"@type":"EntryPoint","urlTemplate":"https:\/\/www.kapykos.com\/eu\/?s={search_term_string}"},"query-input":{"@type":"PropertyValueSpecification","valueRequired":true,"valueName":"search_term_string"}}],"inLanguage":"eu-ES"},{"@type":"Organization","@id":"https:\/\/www.kapykos.com\/eu\/#organization","name":"Kapykos","url":"https:\/\/www.kapykos.com\/eu\/","logo":{"@type":"ImageObject","inLanguage":"eu-ES","@id":"https:\/\/www.kapykos.com\/eu\/#\/schema\/logo\/image\/","url":"https:\/\/www.kapykos.com\/wp-content\/uploads\/2023\/11\/KAPYKOS-LOGO-rojo-05-e1700565306280.png","contentUrl":"https:\/\/www.kapykos.com\/wp-content\/uploads\/2023\/11\/KAPYKOS-LOGO-rojo-05-e1700565306280.png","width":12501,"height":9037,"caption":"Kapykos"},"image":{"@id":"https:\/\/www.kapykos.com\/eu\/#\/schema\/logo\/image\/"}}]}},"_links":{"self":[{"href":"https:\/\/www.kapykos.com\/eu\/wp-json\/wp\/v2\/pages\/18569","targetHints":{"allow":["GET"]}}],"collection":[{"href":"https:\/\/www.kapykos.com\/eu\/wp-json\/wp\/v2\/pages"}],"about":[{"href":"https:\/\/www.kapykos.com\/eu\/wp-json\/wp\/v2\/types\/page"}],"author":[{"embeddable":true,"href":"https:\/\/www.kapykos.com\/eu\/wp-json\/wp\/v2\/users\/1"}],"replies":[{"embeddable":true,"href":"https:\/\/www.kapykos.com\/eu\/wp-json\/wp\/v2\/comments?post=18569"}],"version-history":[{"count":4,"href":"https:\/\/www.kapykos.com\/eu\/wp-json\/wp\/v2\/pages\/18569\/revisions"}],"predecessor-version":[{"id":18747,"href":"https:\/\/www.kapykos.com\/eu\/wp-json\/wp\/v2\/pages\/18569\/revisions\/18747"}],"wp:attachment":[{"href":"https:\/\/www.kapykos.com\/eu\/wp-json\/wp\/v2\/media?parent=18569"}],"curies":[{"name":"wp","href":"https:\/\/api.w.org\/{rel}","templated":true}]}}